{"id":3236,"date":"2020-06-19T06:26:02","date_gmt":"2020-06-19T06:26:02","guid":{"rendered":"https:\/\/smartdata.tonytemplates.com\/bestel\/?page_id=1950"},"modified":"2023-08-28T11:27:19","modified_gmt":"2023-08-28T09:27:19","slug":"hotel-services","status":"publish","type":"page","link":"https:\/\/hotel.porogjfel.hu\/hu\/hotel-services\/","title":{"rendered":"Szolg\u00e1ltat\u00e1sok"},"content":{"rendered":"\t\t<div data-elementor-type=\"wp-page\" data-elementor-id=\"3236\" class=\"elementor elementor-3236\">\n\t\t\t\t\t\t\t\t\t<section class=\"elementor-section elementor-top-section elementor-element elementor-element-54863d8 elementor-section-stretched elementor-section-boxed elementor-section-height-default elementor-section-height-default\" data-id=\"54863d8\" data-element_type=\"section\" data-settings=\"{&quot;stretch_section&quot;:&quot;section-stretched&quot;,&quot;background_background&quot;:&quot;classic&quot;}\">\n\t\t\t\t\t\t<div class=\"elementor-container elementor-column-gap-no\">\n\t\t\t\t\t<div class=\"elementor-column elementor-col-100 elementor-top-column elementor-element elementor-element-1281c36\" data-id=\"1281c36\" data-element_type=\"column\">\n\t\t\t<div class=\"elementor-widget-wrap elementor-element-populated\">\n\t\t\t\t\t\t\t\t<section class=\"elementor-section elementor-inner-section elementor-element elementor-element-c154010 elementor-section-full_width elementor-section-height-default elementor-section-height-default\" data-id=\"c154010\" data-element_type=\"section\">\n\t\t\t\t\t\t<div class=\"elementor-container elementor-column-gap-default\">\n\t\t\t\t\t<div class=\"elementor-column elementor-col-33 elementor-inner-column elementor-element elementor-element-81ae46a\" data-id=\"81ae46a\" data-element_type=\"column\">\n\t\t\t<div class=\"elementor-widget-wrap elementor-element-populated\">\n\t\t\t\t\t\t\t\t<div class=\"elementor-element elementor-element-99b267a elementor-widget elementor-widget-text-editor\" data-id=\"99b267a\" data-element_type=\"widget\" data-widget_type=\"text-editor.default\">\n\t\t\t\t<div class=\"elementor-widget-container\">\n\t\t\t<style>\/*! elementor - v3.11.3 - 07-03-2023 *\/\n.elementor-widget-text-editor.elementor-drop-cap-view-stacked .elementor-drop-cap{background-color:#818a91;color:#fff}.elementor-widget-text-editor.elementor-drop-cap-view-framed .elementor-drop-cap{color:#818a91;border:3px solid;background-color:transparent}.elementor-widget-text-editor:not(.elementor-drop-cap-view-default) .elementor-drop-cap{margin-top:8px}.elementor-widget-text-editor:not(.elementor-drop-cap-view-default) .elementor-drop-cap-letter{width:1em;height:1em}.elementor-widget-text-editor .elementor-drop-cap{float:left;text-align:center;line-height:1;font-size:50px}.elementor-widget-text-editor .elementor-drop-cap-letter{display:inline-block}<\/style>\t\t\t\t<div class=\"mt-2\"><h2 class=\"mb-lg-0\">Szolg\u00e1ltat\u00e1sok<\/h2><\/div>\t\t\t\t\t\t<\/div>\n\t\t\t\t<\/div>\n\t\t\t\t<div class=\"elementor-element elementor-element-b7c2dcf elementor-widget elementor-widget-text-editor\" data-id=\"b7c2dcf\" data-element_type=\"widget\" data-widget_type=\"text-editor.default\">\n\t\t\t\t<div class=\"elementor-widget-container\">\n\t\t\t\t\t\t\t<ul><li>Wi-Fi t\u00e9r\u00edt\u00e9smentes haszn\u00e1lata<\/li><li>z\u00e1rt aut\u00f3parkol\u00f3 t\u00e9r\u00edt\u00e9smentes haszn\u00e1lata<\/li><li>recepci\u00f3-szolg\u00e1lat t\u00f6bb nyelven<\/li><li>b\u00e1r, t\u00e1rsalg\u00f3, k\u00e1v\u00e9z\u00f3terasz<\/li><li>besz\u00e1ll\u00f3k\u00e1rtya kinyomtat\u00e1sa<\/li><li>telefonos \u00e9breszt\u00e9s<\/li><li>poggy\u00e1szmeg\u0151rz\u00e9s<\/li><li>valuta elfogad\u00e1s<\/li><\/ul><p>\u00a0<\/p><p>\u00a0<\/p><p>\u00a0<\/p><p>\u00a0<\/p>\t\t\t\t\t\t<\/div>\n\t\t\t\t<\/div>\n\t\t\t\t<div class=\"elementor-element elementor-element-0a18e3d elementor-widget elementor-widget-action_button\" data-id=\"0a18e3d\" data-element_type=\"widget\" data-widget_type=\"action_button.default\">\n\t\t\t\t<div class=\"elementor-widget-container\">\n\t\t\t\t\t<div class=\" mt-0\">\n\t\t\t<!-- Link Start-->\n\t<a href=\"https:\/\/hotel.porogjfel.hu\/hu\/contact\/\" class=\"btn btn-primary \"\n\t\t\t >\u00c9RDEKEL<\/a>\n\t<!-- Link end -->\n\t\t\t\t\t\t\n<\/div>\n\t\t\t\t<\/div>\n\t\t\t\t<\/div>\n\t\t\t\t\t<\/div>\n\t\t<\/div>\n\t\t\t\t<div class=\"elementor-column elementor-col-66 elementor-inner-column elementor-element elementor-element-ceb8631\" data-id=\"ceb8631\" data-element_type=\"column\">\n\t\t\t<div class=\"elementor-widget-wrap elementor-element-populated\">\n\t\t\t\t\t\t\t\t<div class=\"elementor-element elementor-element-66fd438 elementor-widget elementor-widget-slick_single_slider\" data-id=\"66fd438\" data-element_type=\"widget\" data-widget_type=\"slick_single_slider.default\">\n\t\t\t\t<div class=\"elementor-widget-container\">\n\t\t\t\t\t\t<ul class=\"slider-single list-unstyled js-slider-single\">\n\t\t\t\t\t\t<li><img decoding=\"async\" src=\"https:\/\/hotel.porogjfel.hu\/wp-content\/uploads\/2018\/03\/DSC3013-scaled.jpg\"><\/li>\n\t\t\t\t\t\t<li><img decoding=\"async\" src=\"https:\/\/hotel.porogjfel.hu\/wp-content\/uploads\/2018\/03\/DSC2868-scaled.jpg\"><\/li>\n\t\t\t\t\t\t<li><img decoding=\"async\" src=\"https:\/\/hotel.porogjfel.hu\/wp-content\/uploads\/2018\/03\/DSC2906-HDR-scaled.jpg\"><\/li>\n\t\t\t\t\t<\/ul>\n\t\t\n\t\t\n\t\t\t\t<\/div>\n\t\t\t\t<\/div>\n\t\t\t\t\t<\/div>\n\t\t<\/div>\n\t\t\t\t\t\t\t<\/div>\n\t\t<\/section>\n\t\t\t\t\t<\/div>\n\t\t<\/div>\n\t\t\t\t\t\t\t<\/div>\n\t\t<\/section>\n\t\t\t\t<section class=\"elementor-section elementor-top-section elementor-element elementor-element-b271020 elementor-section-stretched elementor-section-boxed elementor-section-height-default elementor-section-height-default\" data-id=\"b271020\" data-element_type=\"section\" data-settings=\"{&quot;stretch_section&quot;:&quot;section-stretched&quot;}\">\n\t\t\t\t\t\t<div class=\"elementor-container elementor-column-gap-no\">\n\t\t\t\t\t<div class=\"elementor-column elementor-col-100 elementor-top-column elementor-element elementor-element-b3ae380\" data-id=\"b3ae380\" data-element_type=\"column\">\n\t\t\t<div class=\"elementor-widget-wrap elementor-element-populated\">\n\t\t\t\t\t\t\t\t<section class=\"elementor-section elementor-inner-section elementor-element elementor-element-cd99119 elementor-section-full_width elementor-section-height-default elementor-section-height-default\" data-id=\"cd99119\" data-element_type=\"section\">\n\t\t\t\t\t\t<div class=\"elementor-container elementor-column-gap-extended\">\n\t\t\t\t\t<div class=\"elementor-column elementor-col-33 elementor-inner-column elementor-element elementor-element-9a6b7fc\" data-id=\"9a6b7fc\" data-element_type=\"column\">\n\t\t\t<div class=\"elementor-widget-wrap elementor-element-populated\">\n\t\t\t\t\t\t\t\t<div class=\"elementor-element elementor-element-a7b06e9 elementor-widget elementor-widget-text-editor\" data-id=\"a7b06e9\" data-element_type=\"widget\" data-widget_type=\"text-editor.default\">\n\t\t\t\t<div class=\"elementor-widget-container\">\n\t\t\t\t\t\t\t<h2>Szobai szolg\u00e1ltat\u00e1sok<\/h2><h5>\u00a0<\/h5><ul><li>szobasz\u00e9f<\/li><li>LED hotel telev\u00edzi\u00f3<\/li><li>telefon<\/li><li>mini-b\u00e1r<\/li><li>hangszigetelt ajt\u00f3<\/li><li>l\u00e9gkondicion\u00e1l\u00f3 egyes szob\u00e1kban<\/li><li>napi takar\u00edt\u00e1si szolg\u00e1lat<\/li><li>szobaszerviz<\/li><\/ul><p>\u00a0<\/p><p>\u00a0<\/p><p>\u00a0<\/p><p>\u00a0<\/p><p>\u00a0<\/p><p>\u00a0<\/p><p>\u00a0<\/p><p>\u00a0<\/p>\t\t\t\t\t\t<\/div>\n\t\t\t\t<\/div>\n\t\t\t\t\t<\/div>\n\t\t<\/div>\n\t\t\t\t<div class=\"elementor-column elementor-col-33 elementor-inner-column elementor-element elementor-element-8368039\" data-id=\"8368039\" data-element_type=\"column\">\n\t\t\t<div class=\"elementor-widget-wrap elementor-element-populated\">\n\t\t\t\t\t\t\t\t<div class=\"elementor-element elementor-element-0122a04 elementor-widget-tablet__width-initial elementor-widget-mobile__width-inherit elementor-widget elementor-widget-image\" data-id=\"0122a04\" data-element_type=\"widget\" data-widget_type=\"image.default\">\n\t\t\t\t<div class=\"elementor-widget-container\">\n\t\t\t<style>\/*! elementor - v3.11.3 - 07-03-2023 *\/\n.elementor-widget-image{text-align:center}.elementor-widget-image a{display:inline-block}.elementor-widget-image a img[src$=\".svg\"]{width:48px}.elementor-widget-image img{vertical-align:middle;display:inline-block}<\/style>\t\t\t\t\t\t\t\t\t\t\t\t<img loading=\"lazy\" decoding=\"async\" width=\"2560\" height=\"1707\" src=\"https:\/\/hotel.porogjfel.hu\/wp-content\/uploads\/2018\/03\/DSC2839-HDR-scaled.jpg\" class=\"attachment-full size-full wp-image-3501\" alt=\"\" srcset=\"https:\/\/hotel.porogjfel.hu\/wp-content\/uploads\/2018\/03\/DSC2839-HDR-scaled.jpg 2560w, https:\/\/hotel.porogjfel.hu\/wp-content\/uploads\/2018\/03\/DSC2839-HDR-300x200.jpg 300w, https:\/\/hotel.porogjfel.hu\/wp-content\/uploads\/2018\/03\/DSC2839-HDR-1024x683.jpg 1024w, https:\/\/hotel.porogjfel.hu\/wp-content\/uploads\/2018\/03\/DSC2839-HDR-768x512.jpg 768w, https:\/\/hotel.porogjfel.hu\/wp-content\/uploads\/2018\/03\/DSC2839-HDR-1536x1024.jpg 1536w, https:\/\/hotel.porogjfel.hu\/wp-content\/uploads\/2018\/03\/DSC2839-HDR-2048x1365.jpg 2048w, https:\/\/hotel.porogjfel.hu\/wp-content\/uploads\/2018\/03\/DSC2839-HDR-18x12.jpg 18w, https:\/\/hotel.porogjfel.hu\/wp-content\/uploads\/2018\/03\/DSC2839-HDR-845x563.jpg 845w, https:\/\/hotel.porogjfel.hu\/wp-content\/uploads\/2018\/03\/DSC2839-HDR-370x247.jpg 370w, https:\/\/hotel.porogjfel.hu\/wp-content\/uploads\/2018\/03\/DSC2839-HDR-359x239.jpg 359w, https:\/\/hotel.porogjfel.hu\/wp-content\/uploads\/2018\/03\/DSC2839-HDR-254x169.jpg 254w, https:\/\/hotel.porogjfel.hu\/wp-content\/uploads\/2018\/03\/DSC2839-HDR-472x315.jpg 472w, https:\/\/hotel.porogjfel.hu\/wp-content\/uploads\/2018\/03\/DSC2839-HDR-570x380.jpg 570w, https:\/\/hotel.porogjfel.hu\/wp-content\/uploads\/2018\/03\/DSC2839-HDR-145x97.jpg 145w, https:\/\/hotel.porogjfel.hu\/wp-content\/uploads\/2018\/03\/DSC2839-HDR-600x400.jpg 600w\" sizes=\"auto, (max-width: 2560px) 100vw, 2560px\" \/>\t\t\t\t\t\t\t\t\t\t\t\t\t\t\t<\/div>\n\t\t\t\t<\/div>\n\t\t\t\t<div class=\"elementor-element elementor-element-03a2c3d elementor-widget-tablet__width-initial elementor-widget-mobile__width-inherit elementor-widget elementor-widget-text-editor\" data-id=\"03a2c3d\" data-element_type=\"widget\" data-widget_type=\"text-editor.default\">\n\t\t\t\t<div class=\"elementor-widget-container\">\n\t\t\t\t\t\t\t<p class=\"MsoNormal\">\u00dagy gondoljuk, hogy egy tartalmas nap egy igaz\u00e1n tartalmas reggelivel kell hogy induljon. \u00c9lvezze a reggeli naps\u00fct\u00e9st a kerti teraszon, vagy helyezkedjen el k\u00e9nyelmesen a reggeliz\u0151 szalonban, \u00e9s a finom k\u00e1v\u00e9 vagy \u00fcd\u00edt\u0151 mell\u00e9 v\u00e1logasson a friss p\u00e9k\u00e1rukb\u00f3l, az \u00edzletes felv\u00e1gottak, tejterm\u00e9kek \u00e9s sajtok k\u00f6z\u00fcl, \u00e9lvezze a friss z\u00f6lds\u00e9gek \u00e9s gy\u00fcm\u00f6lcs\u00f6k zamatos \u00edz\u00e9t. Ha ink\u00e1bb a reform reggeli h\u00edve, v\u00e1logasson a t\u00e1pl\u00e1l\u00f3 magvakb\u00f3l \u00f6ssze\u00e1ll\u00edtott gy\u00fcm\u00f6lcs\u00f6s m\u00fczlik \u00e9s gabonapelyhek k\u00f6z\u00fcl. A vill\u00e1s reggelik kedvel\u0151inek toj\u00e1s \u00e9teleinket rendel\u00e9sre, frissen k\u00e9sz\u00edtj\u00fck.<\/p>\t\t\t\t\t\t<\/div>\n\t\t\t\t<\/div>\n\t\t\t\t\t<\/div>\n\t\t<\/div>\n\t\t\t\t<div class=\"elementor-column elementor-col-33 elementor-inner-column elementor-element elementor-element-9cd9ab7\" data-id=\"9cd9ab7\" data-element_type=\"column\">\n\t\t\t<div class=\"elementor-widget-wrap elementor-element-populated\">\n\t\t\t\t\t\t\t\t<div class=\"elementor-element elementor-element-8d6b667 elementor-widget-tablet__width-initial elementor-widget-mobile__width-inherit elementor-widget elementor-widget-image\" data-id=\"8d6b667\" data-element_type=\"widget\" data-widget_type=\"image.default\">\n\t\t\t\t<div class=\"elementor-widget-container\">\n\t\t\t\t\t\t\t\t\t\t\t\t\t\t\t<img loading=\"lazy\" decoding=\"async\" width=\"2560\" height=\"1707\" src=\"https:\/\/hotel.porogjfel.hu\/wp-content\/uploads\/2018\/03\/DSC2822-scaled.jpg\" class=\"attachment-full size-full wp-image-3497\" alt=\"\" srcset=\"https:\/\/hotel.porogjfel.hu\/wp-content\/uploads\/2018\/03\/DSC2822-scaled.jpg 2560w, https:\/\/hotel.porogjfel.hu\/wp-content\/uploads\/2018\/03\/DSC2822-300x200.jpg 300w, https:\/\/hotel.porogjfel.hu\/wp-content\/uploads\/2018\/03\/DSC2822-1024x683.jpg 1024w, https:\/\/hotel.porogjfel.hu\/wp-content\/uploads\/2018\/03\/DSC2822-768x512.jpg 768w, https:\/\/hotel.porogjfel.hu\/wp-content\/uploads\/2018\/03\/DSC2822-1536x1024.jpg 1536w, https:\/\/hotel.porogjfel.hu\/wp-content\/uploads\/2018\/03\/DSC2822-2048x1365.jpg 2048w, https:\/\/hotel.porogjfel.hu\/wp-content\/uploads\/2018\/03\/DSC2822-18x12.jpg 18w, https:\/\/hotel.porogjfel.hu\/wp-content\/uploads\/2018\/03\/DSC2822-845x563.jpg 845w, https:\/\/hotel.porogjfel.hu\/wp-content\/uploads\/2018\/03\/DSC2822-370x247.jpg 370w, https:\/\/hotel.porogjfel.hu\/wp-content\/uploads\/2018\/03\/DSC2822-359x239.jpg 359w, https:\/\/hotel.porogjfel.hu\/wp-content\/uploads\/2018\/03\/DSC2822-254x169.jpg 254w, https:\/\/hotel.porogjfel.hu\/wp-content\/uploads\/2018\/03\/DSC2822-472x315.jpg 472w, https:\/\/hotel.porogjfel.hu\/wp-content\/uploads\/2018\/03\/DSC2822-570x380.jpg 570w, https:\/\/hotel.porogjfel.hu\/wp-content\/uploads\/2018\/03\/DSC2822-145x97.jpg 145w, https:\/\/hotel.porogjfel.hu\/wp-content\/uploads\/2018\/03\/DSC2822-600x400.jpg 600w\" sizes=\"auto, (max-width: 2560px) 100vw, 2560px\" \/>\t\t\t\t\t\t\t\t\t\t\t\t\t\t\t<\/div>\n\t\t\t\t<\/div>\n\t\t\t\t<div class=\"elementor-element elementor-element-2a384ac elementor-widget-tablet__width-initial elementor-widget-mobile__width-inherit elementor-widget elementor-widget-text-editor\" data-id=\"2a384ac\" data-element_type=\"widget\" data-widget_type=\"text-editor.default\">\n\t\t\t\t<div class=\"elementor-widget-container\">\n\t\t\t\t\t\t\t<p class=\"MsoNormal\"><span style=\"font-size: 12.0pt; line-height: 107%;\">Minden vend\u00e9g\u00fcnk r\u00e9sz\u00e9re biztos\u00edtunk (ingyenes) z\u00e1rt parkol\u00f3helyet udvarunkon. A parkol\u00f3t kamer\u00e1val figyelj\u00fck, de aut\u00f3j\u00e1t \u00d6n is ellen\u0151rizheti szob\u00e1j\u00e1b\u00f3l, a telev\u00edzi\u00f3 egyik csatorn\u00e1j\u00e1n kereszt\u00fcl.<\/span><\/p><p>\u00a0<\/p>\t\t\t\t\t\t<\/div>\n\t\t\t\t<\/div>\n\t\t\t\t\t<\/div>\n\t\t<\/div>\n\t\t\t\t\t\t\t<\/div>\n\t\t<\/section>\n\t\t\t\t\t<\/div>\n\t\t<\/div>\n\t\t\t\t\t\t\t<\/div>\n\t\t<\/section>\n\t\t\t\t\t\t\t<\/div>\n\t\t","protected":false},"excerpt":{"rendered":"<p>Szolg\u00e1ltat\u00e1sok Wi-Fi t\u00e9r\u00edt\u00e9smentes haszn\u00e1lata z\u00e1rt aut\u00f3parkol\u00f3 t\u00e9r\u00edt\u00e9smentes haszn\u00e1lata recepci\u00f3-szolg\u00e1lat t\u00f6bb nyelven b\u00e1r, t\u00e1rsalg\u00f3, k\u00e1v\u00e9z\u00f3terasz besz\u00e1ll\u00f3k\u00e1rtya kinyomtat\u00e1sa telefonos \u00e9breszt\u00e9s poggy\u00e1szmeg\u0151rz\u00e9s valuta elfogad\u00e1s \u00a0 \u00a0 \u00a0 \u00a0 \u00c9RDEKEL Szobai szolg\u00e1ltat\u00e1sok \u00a0 szobasz\u00e9f LED hotel telev\u00edzi\u00f3 telefon mini-b\u00e1r hangszigetelt ajt\u00f3 l\u00e9gkondicion\u00e1l\u00f3 egyes szob\u00e1kban napi takar\u00edt\u00e1si szolg\u00e1lat szobaszerviz \u00a0 \u00a0 \u00a0 \u00a0 \u00a0 \u00a0 \u00a0 \u00a0 \u00dagy gondoljuk, hogy<\/p>\n","protected":false},"author":2,"featured_media":0,"parent":0,"menu_order":0,"comment_status":"closed","ping_status":"closed","template":"elementor_header_footer","meta":{"footnotes":""},"class_list":["post-3236","page","type-page","status-publish","hentry"],"_links":{"self":[{"href":"https:\/\/hotel.porogjfel.hu\/hu\/wp-json\/wp\/v2\/pages\/3236","targetHints":{"allow":["GET"]}}],"collection":[{"href":"https:\/\/hotel.porogjfel.hu\/hu\/wp-json\/wp\/v2\/pages"}],"about":[{"href":"https:\/\/hotel.porogjfel.hu\/hu\/wp-json\/wp\/v2\/types\/page"}],"author":[{"embeddable":true,"href":"https:\/\/hotel.porogjfel.hu\/hu\/wp-json\/wp\/v2\/users\/2"}],"replies":[{"embeddable":true,"href":"https:\/\/hotel.porogjfel.hu\/hu\/wp-json\/wp\/v2\/comments?post=3236"}],"version-history":[{"count":11,"href":"https:\/\/hotel.porogjfel.hu\/hu\/wp-json\/wp\/v2\/pages\/3236\/revisions"}],"predecessor-version":[{"id":3677,"href":"https:\/\/hotel.porogjfel.hu\/hu\/wp-json\/wp\/v2\/pages\/3236\/revisions\/3677"}],"wp:attachment":[{"href":"https:\/\/hotel.porogjfel.hu\/hu\/wp-json\/wp\/v2\/media?parent=3236"}],"curies":[{"name":"wp","href":"https:\/\/api.w.org\/{rel}","templated":true}]}}